{"id":1515,"date":"2021-06-24T11:36:15","date_gmt":"2021-06-24T11:36:15","guid":{"rendered":"https:\/\/rejudermcolmar.fr\/?page_id=1515"},"modified":"2021-07-01T19:33:26","modified_gmt":"2021-07-01T19:33:26","slug":"notrecentre","status":"publish","type":"page","link":"https:\/\/rejudermcolmar.fr\/?page_id=1515","title":{"rendered":"Notre centre"},"content":{"rendered":"\t\t<div data-elementor-type=\"wp-page\" data-elementor-id=\"1515\" class=\"elementor elementor-1515\" data-elementor-settings=\"[]\">\n\t\t\t\t\t\t\t<div class=\"elementor-section-wrap\">\n\t\t\t\t\t\t\t<section class=\"elementor-section elementor-top-section elementor-element elementor-element-4a3ccb9 elementor-section-boxed elementor-section-height-default elementor-section-height-default\" data-id=\"4a3ccb9\" data-element_type=\"section\" data-settings=\"{&quot;background_background&quot;:&quot;classic&quot;}\">\n\t\t\t\t\t\t<div class=\"elementor-container elementor-column-gap-no\">\n\t\t\t\t\t<div class=\"elementor-column elementor-col-100 elementor-top-column elementor-element elementor-element-156626c\" data-id=\"156626c\" data-element_type=\"column\">\n\t\t\t<div class=\"elementor-widget-wrap elementor-element-populated\">\n\t\t\t\t\t\t\t\t<div class=\"elementor-element elementor-element-f6920a8 elementor-widget elementor-widget-heading\" data-id=\"f6920a8\" data-element_type=\"widget\" data-widget_type=\"heading.default\">\n\t\t\t\t<div class=\"elementor-widget-container\">\n\t\t\t<h3 class=\"elementor-heading-title elementor-size-default\">Centre esth\u00e9tique haute technologie anti-\u00e2ge &amp; minceur<\/h3>\t\t<\/div>\n\t\t\t\t<\/div>\n\t\t\t\t<div class=\"elementor-element elementor-element-8d5e179 elementor-widget elementor-widget-text-editor\" data-id=\"8d5e179\" data-element_type=\"widget\" data-widget_type=\"text-editor.default\">\n\t\t\t\t<div class=\"elementor-widget-container\">\n\t\t\t\t\t\t\t\t<div>Le Centre Rejuderm Colmar est un centre esth\u00e9tique d\u00e9di\u00e9 aux soins anti-\u00e2ge pour le visage et le corps des femmes et des hommes. Nous vous proposons des soins personnalis\u00e9s avec des appareils de derni\u00e8re g\u00e9n\u00e9ration. La totalit\u00e9 des soins propos\u00e9s par notre centre ont une action efficace et garantie sur les causes et les effets du vieillissement.<\/div><div>\u00a0<\/div><div>Quelle que soit la raison de votre visite, nous vous accompagnerons vers un soin adapt\u00e9. <strong><em>Un<\/em> <i>diagnostic personnalis\u00e9 est offert \u00e0 votre premi\u00e8re visite.<\/i><\/strong><\/div><div>\u00a0<\/div><div>Notre centre esth\u00e9tique dispose de technologies innovantes qui nous permettent de vous proposer des solutions efficaces dans le traitement de la cellulite, le rel\u00e2chement cutan\u00e9, les rides, les t\u00e2ches, les vergetures, les imperfections cutan\u00e9es, les rondeurs localis\u00e9es et beaucoup d&#8217;autres.<\/div><div>\u00a0<\/div><div>Les technologies utilis\u00e9es sont 100% naturelles, des alternatives efficaces \u00e0 la chirurgie esth\u00e9tique. Vous auriez des r\u00e9sultats visibles d\u00e8s la premi\u00e8re s\u00e9ance et l&#8217;atteinte de l&#8217;objectif souhait\u00e9 dans quelques s\u00e9ances.<\/div>\t\t\t\t\t\t<\/div>\n\t\t\t\t<\/div>\n\t\t\t\t<div class=\"elementor-element elementor-element-20a83e9 elementor-aspect-ratio-169 elementor-widget elementor-widget-video\" data-id=\"20a83e9\" data-element_type=\"widget\" data-settings=\"{&quot;video_type&quot;:&quot;hosted&quot;,&quot;start&quot;:2,&quot;autoplay&quot;:&quot;yes&quot;,&quot;controls&quot;:&quot;yes&quot;,&quot;aspect_ratio&quot;:&quot;169&quot;}\" data-widget_type=\"video.default\">\n\t\t\t\t<div class=\"elementor-widget-container\">\n\t\t\t\t\t<div class=\"e-hosted-video elementor-wrapper elementor-fit-aspect-ratio elementor-open-inline\">\n\t\t\t\t\t<video class=\"elementor-video\" src=\"https:\/\/rejudermcolmar.fr\/wp-content\/uploads\/2021\/06\/video-salle-attente-jetpeel-esthetic-2019-1.mp4#t=2\" autoplay=\"\" controls=\"\" controlsList=\"nodownload\"><\/video>\n\t\t\t\t<\/div>\n\t\t\t\t<\/div>\n\t\t\t\t<\/div>\n\t\t\t\t\t<\/div>\n\t\t<\/div>\n\t\t\t\t\t\t\t<\/div>\n\t\t<\/section>\n\t\t\t\t<section class=\"elementor-section elementor-top-section elementor-element elementor-element-d4aa493 elementor-section-boxed elementor-section-height-default elementor-section-height-default\" data-id=\"d4aa493\" data-element_type=\"section\" data-settings=\"{&quot;background_background&quot;:&quot;classic&quot;}\">\n\t\t\t\t\t\t\t<div class=\"elementor-background-overlay\"><\/div>\n\t\t\t\t\t\t\t<div class=\"elementor-container elementor-column-gap-no\">\n\t\t\t\t\t<div class=\"elementor-column elementor-col-50 elementor-top-column elementor-element elementor-element-0672d16\" data-id=\"0672d16\" data-element_type=\"column\">\n\t\t\t<div class=\"elementor-widget-wrap elementor-element-populated\">\n\t\t\t\t\t\t\t\t<div class=\"elementor-element elementor-element-89373a4 elementor-widget elementor-widget-google_maps\" data-id=\"89373a4\" data-element_type=\"widget\" data-widget_type=\"google_maps.default\">\n\t\t\t\t<div class=\"elementor-widget-container\">\n\t\t\t\t\t<div class=\"elementor-custom-embed\">\n\t\t\t<iframe frameborder=\"0\" scrolling=\"no\" marginheight=\"0\" marginwidth=\"0\" src=\"https:\/\/maps.google.com\/maps?q=62%20rue%20du%20Nord%2C%2068000%20Colmar&amp;t=m&amp;z=15&amp;output=embed&amp;iwloc=near\" title=\"%3$s\" aria-label=\"%3$s\"><\/iframe>\n\t\t<\/div>\n\t\t\t\t<\/div>\n\t\t\t\t<\/div>\n\t\t\t\t\t<\/div>\n\t\t<\/div>\n\t\t\t\t<div class=\"elementor-column elementor-col-50 elementor-top-column elementor-element elementor-element-33f12b5\" data-id=\"33f12b5\" data-element_type=\"column\">\n\t\t\t<div class=\"elementor-widget-wrap elementor-element-populated\">\n\t\t\t\t\t\t\t\t<div class=\"elementor-element elementor-element-487aadb elementor-pagination-position-inside elementor-widget elementor-widget-image-carousel\" data-id=\"487aadb\" data-element_type=\"widget\" data-settings=\"{&quot;slides_to_show&quot;:&quot;1&quot;,&quot;autoplay_speed&quot;:3000,&quot;effect&quot;:&quot;fade&quot;,&quot;navigation&quot;:&quot;dots&quot;,&quot;autoplay&quot;:&quot;yes&quot;,&quot;pause_on_hover&quot;:&quot;yes&quot;,&quot;pause_on_interaction&quot;:&quot;yes&quot;,&quot;infinite&quot;:&quot;yes&quot;,&quot;speed&quot;:500}\" data-widget_type=\"image-carousel.default\">\n\t\t\t\t<div class=\"elementor-widget-container\">\n\t\t\t\t\t<div class=\"elementor-image-carousel-wrapper swiper-container\" dir=\"ltr\">\n\t\t\t<div class=\"elementor-image-carousel swiper-wrapper\">\n\t\t\t\t<div class=\"swiper-slide\"><figure class=\"swiper-slide-inner\"><img decoding=\"async\" class=\"swiper-slide-image\" src=\"https:\/\/rejudermcolmar.fr\/wp-content\/uploads\/2021\/06\/IMG_46321-300x221.jpg\" alt=\"IMG_46321\" \/><\/figure><\/div><div class=\"swiper-slide\"><figure class=\"swiper-slide-inner\"><img decoding=\"async\" class=\"swiper-slide-image\" src=\"https:\/\/rejudermcolmar.fr\/wp-content\/uploads\/2021\/06\/WhatsApp-Image-2021-06-07-at-13.15.47-225x300.jpeg\" alt=\"WhatsApp Image 2021-06-07 at 13.15.47\" \/><\/figure><\/div><div class=\"swiper-slide\"><figure class=\"swiper-slide-inner\"><img decoding=\"async\" class=\"swiper-slide-image\" src=\"https:\/\/rejudermcolmar.fr\/wp-content\/uploads\/2021\/06\/IMG_46341-300x276.jpg\" alt=\"IMG_46341\" \/><\/figure><\/div><div class=\"swiper-slide\"><figure class=\"swiper-slide-inner\"><img decoding=\"async\" class=\"swiper-slide-image\" src=\"https:\/\/rejudermcolmar.fr\/wp-content\/uploads\/2021\/06\/WhatsApp-Image-2021-06-09-at-18.31.48-225x300.jpeg\" alt=\"WhatsApp Image 2021-06-09 at 18.31.48\" \/><\/figure><\/div><div class=\"swiper-slide\"><figure class=\"swiper-slide-inner\"><img decoding=\"async\" class=\"swiper-slide-image\" src=\"https:\/\/rejudermcolmar.fr\/wp-content\/uploads\/2021\/06\/WhatsApp-Image-2021-06-07-at-13.14.06-225x300.jpeg\" alt=\"WhatsApp Image 2021-06-07 at 13.14.06\" \/><\/figure><\/div>\t\t\t<\/div>\n\t\t\t\t\t\t\t\t\t\t\t\t<div class=\"swiper-pagination\"><\/div>\n\t\t\t\t\t\t\t\t\t\t\t\t\t<\/div>\n\t\t\t\t<\/div>\n\t\t\t\t<\/div>\n\t\t\t\t\t<\/div>\n\t\t<\/div>\n\t\t\t\t\t\t\t<\/div>\n\t\t<\/section>\n\t\t\t\t\t\t<\/div>\n\t\t\t\t\t<\/div>\n\t\t","protected":false},"excerpt":{"rendered":"<p>Centre esth\u00e9tique haute technologie anti-\u00e2ge &amp; minceur Le Centre Rejuderm Colmar est un centre esth\u00e9tique d\u00e9di\u00e9 aux soins anti-\u00e2ge pour le visage et le corps des femmes et des hommes. Nous vous proposons des soins personnalis\u00e9s avec des appareils de derni\u00e8re g\u00e9n\u00e9ration. La totalit\u00e9 des soins propos\u00e9s par notre centre ont une action efficace et &hellip;<\/p>\n<p class=\"read-more\"> <a class=\"\" href=\"https:\/\/rejudermcolmar.fr\/?page_id=1515\"> <span class=\"screen-reader-text\">Notre centre<\/span> Read More &raquo;<\/a><\/p>\n","protected":false},"author":1,"featured_media":0,"parent":0,"menu_order":2,"comment_status":"closed","ping_status":"closed","template":"elementor_header_footer","meta":{"om_disable_all_campaigns":false,"_monsterinsights_skip_tracking":false,"_monsterinsights_sitenote_active":false,"_monsterinsights_sitenote_note":"","_monsterinsights_sitenote_category":0,"footnotes":""},"class_list":["post-1515","page","type-page","status-publish","hentry"],"_links":{"self":[{"href":"https:\/\/rejudermcolmar.fr\/index.php?rest_route=\/wp\/v2\/pages\/1515","targetHints":{"allow":["GET"]}}],"collection":[{"href":"https:\/\/rejudermcolmar.fr\/index.php?rest_route=\/wp\/v2\/pages"}],"about":[{"href":"https:\/\/rejudermcolmar.fr\/index.php?rest_route=\/wp\/v2\/types\/page"}],"author":[{"embeddable":true,"href":"https:\/\/rejudermcolmar.fr\/index.php?rest_route=\/wp\/v2\/users\/1"}],"replies":[{"embeddable":true,"href":"https:\/\/rejudermcolmar.fr\/index.php?rest_route=%2Fwp%2Fv2%2Fcomments&post=1515"}],"version-history":[{"count":19,"href":"https:\/\/rejudermcolmar.fr\/index.php?rest_route=\/wp\/v2\/pages\/1515\/revisions"}],"predecessor-version":[{"id":1594,"href":"https:\/\/rejudermcolmar.fr\/index.php?rest_route=\/wp\/v2\/pages\/1515\/revisions\/1594"}],"wp:attachment":[{"href":"https:\/\/rejudermcolmar.fr\/index.php?rest_route=%2Fwp%2Fv2%2Fmedia&parent=1515"}],"curies":[{"name":"wp","href":"https:\/\/api.w.org\/{rel}","templated":true}]}}