{"id":1516,"date":"2021-06-24T11:36:19","date_gmt":"2021-06-24T11:36:19","guid":{"rendered":"https:\/\/rejudermcolmar.fr\/?page_id=1516"},"modified":"2021-07-01T19:45:42","modified_gmt":"2021-07-01T19:45:42","slug":"actualites","status":"publish","type":"page","link":"https:\/\/rejudermcolmar.fr\/?page_id=1516","title":{"rendered":"Actualit\u00e9s"},"content":{"rendered":"\t\t<div data-elementor-type=\"wp-page\" data-elementor-id=\"1516\" class=\"elementor elementor-1516\" data-elementor-settings=\"[]\">\n\t\t\t\t\t\t\t<div class=\"elementor-section-wrap\">\n\t\t\t\t\t\t\t<section class=\"elementor-section elementor-top-section elementor-element elementor-element-4a3ccb9 elementor-section-boxed elementor-section-height-default elementor-section-height-default\" data-id=\"4a3ccb9\" data-element_type=\"section\" data-settings=\"{&quot;background_background&quot;:&quot;classic&quot;}\">\n\t\t\t\t\t\t<div class=\"elementor-container elementor-column-gap-no\">\n\t\t\t\t\t\t\t\t<\/div>\n\t\t<\/section>\n\t\t\t\t<section class=\"elementor-section elementor-top-section elementor-element elementor-element-86017dc elementor-section-boxed elementor-section-height-default elementor-section-height-default\" data-id=\"86017dc\" data-element_type=\"section\" data-settings=\"{&quot;background_background&quot;:&quot;classic&quot;}\">\n\t\t\t\t\t\t<div class=\"elementor-container elementor-column-gap-no\">\n\t\t\t\t\t<div class=\"elementor-column elementor-col-100 elementor-top-column elementor-element elementor-element-19c4ea9\" data-id=\"19c4ea9\" data-element_type=\"column\">\n\t\t\t<div class=\"elementor-widget-wrap elementor-element-populated\">\n\t\t\t\t\t\t\t\t<div class=\"elementor-element elementor-element-43f5339 elementor-widget elementor-widget-image\" data-id=\"43f5339\" data-element_type=\"widget\" data-widget_type=\"image.default\">\n\t\t\t\t<div class=\"elementor-widget-container\">\n\t\t\t\t\t\t\t\t\t\t\t\t\t\t\t<img loading=\"lazy\" decoding=\"async\" width=\"940\" height=\"788\" src=\"https:\/\/rejudermcolmar.fr\/wp-content\/uploads\/2021\/07\/Pink-Abstract-Inspirational-Quote-Facebook-Post-4.png\" class=\"attachment-large size-large\" alt=\"\" srcset=\"https:\/\/rejudermcolmar.fr\/wp-content\/uploads\/2021\/07\/Pink-Abstract-Inspirational-Quote-Facebook-Post-4.png 940w, https:\/\/rejudermcolmar.fr\/wp-content\/uploads\/2021\/07\/Pink-Abstract-Inspirational-Quote-Facebook-Post-4-300x251.png 300w, https:\/\/rejudermcolmar.fr\/wp-content\/uploads\/2021\/07\/Pink-Abstract-Inspirational-Quote-Facebook-Post-4-768x644.png 768w\" sizes=\"auto, (max-width: 940px) 100vw, 940px\" \/>\t\t\t\t\t\t\t\t\t\t\t\t\t\t\t<\/div>\n\t\t\t\t<\/div>\n\t\t\t\t\t<\/div>\n\t\t<\/div>\n\t\t\t\t<div class=\"elementor-column elementor-col-100 elementor-top-column elementor-element elementor-element-156626c\" data-id=\"156626c\" data-element_type=\"column\">\n\t\t\t<div class=\"elementor-widget-wrap elementor-element-populated\">\n\t\t\t\t\t\t\t\t<div class=\"elementor-element elementor-element-b7294bd elementor-widget-divider--view-line elementor-widget elementor-widget-divider\" data-id=\"b7294bd\" data-element_type=\"widget\" data-widget_type=\"divider.default\">\n\t\t\t\t<div class=\"elementor-widget-container\">\n\t\t\t\t\t<div class=\"elementor-divider\">\n\t\t\t<span class=\"elementor-divider-separator\">\n\t\t\t\t\t\t<\/span>\n\t\t<\/div>\n\t\t\t\t<\/div>\n\t\t\t\t<\/div>\n\t\t\t\t<div class=\"elementor-element elementor-element-f6920a8 elementor-widget elementor-widget-heading\" data-id=\"f6920a8\" data-element_type=\"widget\" data-widget_type=\"heading.default\">\n\t\t\t\t<div class=\"elementor-widget-container\">\n\t\t\t<h3 class=\"elementor-heading-title elementor-size-default\"><font color=\"#000000\"><span style=\"font-weight: 400;\">La Rejudermie, pour la premi\u00e8re fois \u00e0 Colmar<\/span><\/font><\/h3>\t\t<\/div>\n\t\t\t\t<\/div>\n\t\t\t\t<div class=\"elementor-element elementor-element-8d5e179 elementor-widget elementor-widget-text-editor\" data-id=\"8d5e179\" data-element_type=\"widget\" data-widget_type=\"text-editor.default\">\n\t\t\t\t<div class=\"elementor-widget-container\">\n\t\t\t\t\t\t\t\t<p class=\"_04xlpA direction-ltr align-start para-style-title\">C&#8217;est quoi la Rejudermie ?<\/p>\t\t\t\t\t\t<\/div>\n\t\t\t\t<\/div>\n\t\t\t\t<div class=\"elementor-element elementor-element-0916abb elementor-widget elementor-widget-text-editor\" data-id=\"0916abb\" data-element_type=\"widget\" data-widget_type=\"text-editor.default\">\n\t\t\t\t<div class=\"elementor-widget-container\">\n\t\t\t\t\t\t\t\t<p><span class=\"JsGRdQ\">Professeur Redureau, associ\u00e9 \u00e0 l\u2019institut national de Physioth\u00e9rapie et cosm\u00e9tologue nous l&#8217;explique dans la vid\u00e9o ci-dessous.<\/span><\/p><p class=\"descripVideo\">La r\u00e9judermie, c&#8217;est un respect absolu de la peau, organe tr\u00e8s fragile et essentiel de notre corps. La R\u00e9judermie, \u00a0c&#8217;est un respect absolu de la peau, organe tr\u00e8s fragile et essentiel de notre corps et l&#8217;expertise des fonctions biologiques de la peau.<\/p><div class=\"clearBoth\">\u00a0<\/div>\t\t\t\t\t\t<\/div>\n\t\t\t\t<\/div>\n\t\t\t\t\t<\/div>\n\t\t<\/div>\n\t\t\t\t\t\t\t<\/div>\n\t\t<\/section>\n\t\t\t\t<section class=\"elementor-section elementor-top-section elementor-element elementor-element-ede1a96 elementor-section-boxed elementor-section-height-default elementor-section-height-default\" data-id=\"ede1a96\" data-element_type=\"section\">\n\t\t\t\t\t\t<div class=\"elementor-container elementor-column-gap-default\">\n\t\t\t\t\t<div class=\"elementor-column elementor-col-100 elementor-top-column elementor-element elementor-element-ee97421\" data-id=\"ee97421\" data-element_type=\"column\">\n\t\t\t<div class=\"elementor-widget-wrap elementor-element-populated\">\n\t\t\t\t\t\t\t\t<div class=\"elementor-element elementor-element-2b68325 elementor-aspect-ratio-169 elementor-widget elementor-widget-video\" data-id=\"2b68325\" data-element_type=\"widget\" data-settings=\"{&quot;youtube_url&quot;:&quot;https:\\\/\\\/www.youtube.com\\\/watch?v=LGBe3EJ47uI&amp;t=269s&quot;,&quot;video_type&quot;:&quot;youtube&quot;,&quot;controls&quot;:&quot;yes&quot;,&quot;aspect_ratio&quot;:&quot;169&quot;}\" data-widget_type=\"video.default\">\n\t\t\t\t<div class=\"elementor-widget-container\">\n\t\t\t\t\t<div class=\"elementor-wrapper elementor-fit-aspect-ratio elementor-open-inline\">\n\t\t\t<div class=\"elementor-video\"><\/div>\t\t<\/div>\n\t\t\t\t<\/div>\n\t\t\t\t<\/div>\n\t\t\t\t\t<\/div>\n\t\t<\/div>\n\t\t\t\t\t\t\t<\/div>\n\t\t<\/section>\n\t\t\t\t\t\t<\/div>\n\t\t\t\t\t<\/div>\n\t\t","protected":false},"excerpt":{"rendered":"<p>La Rejudermie, pour la premi\u00e8re fois \u00e0 Colmar C&#8217;est quoi la Rejudermie ? Professeur Redureau, associ\u00e9 \u00e0 l\u2019institut national de Physioth\u00e9rapie et cosm\u00e9tologue nous l&#8217;explique dans la vid\u00e9o ci-dessous. La r\u00e9judermie, c&#8217;est un respect absolu de la peau, organe tr\u00e8s fragile et essentiel de notre corps. La R\u00e9judermie, \u00a0c&#8217;est un respect absolu de la peau, &hellip;<\/p>\n<p class=\"read-more\"> <a class=\"\" href=\"https:\/\/rejudermcolmar.fr\/?page_id=1516\"> <span class=\"screen-reader-text\">Actualit\u00e9s<\/span> Read More &raquo;<\/a><\/p>\n","protected":false},"author":1,"featured_media":0,"parent":0,"menu_order":0,"comment_status":"closed","ping_status":"closed","template":"elementor_header_footer","meta":{"om_disable_all_campaigns":false,"_monsterinsights_skip_tracking":false,"_monsterinsights_sitenote_active":false,"_monsterinsights_sitenote_note":"","_monsterinsights_sitenote_category":0,"footnotes":""},"class_list":["post-1516","page","type-page","status-publish","hentry"],"_links":{"self":[{"href":"https:\/\/rejudermcolmar.fr\/index.php?rest_route=\/wp\/v2\/pages\/1516","targetHints":{"allow":["GET"]}}],"collection":[{"href":"https:\/\/rejudermcolmar.fr\/index.php?rest_route=\/wp\/v2\/pages"}],"about":[{"href":"https:\/\/rejudermcolmar.fr\/index.php?rest_route=\/wp\/v2\/types\/page"}],"author":[{"embeddable":true,"href":"https:\/\/rejudermcolmar.fr\/index.php?rest_route=\/wp\/v2\/users\/1"}],"replies":[{"embeddable":true,"href":"https:\/\/rejudermcolmar.fr\/index.php?rest_route=%2Fwp%2Fv2%2Fcomments&post=1516"}],"version-history":[{"count":7,"href":"https:\/\/rejudermcolmar.fr\/index.php?rest_route=\/wp\/v2\/pages\/1516\/revisions"}],"predecessor-version":[{"id":1599,"href":"https:\/\/rejudermcolmar.fr\/index.php?rest_route=\/wp\/v2\/pages\/1516\/revisions\/1599"}],"wp:attachment":[{"href":"https:\/\/rejudermcolmar.fr\/index.php?rest_route=%2Fwp%2Fv2%2Fmedia&parent=1516"}],"curies":[{"name":"wp","href":"https:\/\/api.w.org\/{rel}","templated":true}]}}